{"id":413,"date":"2023-07-03T10:45:30","date_gmt":"2023-07-03T08:45:30","guid":{"rendered":"https:\/\/sofimediat.fr\/varenne\/chambres\/"},"modified":"2024-08-28T18:12:19","modified_gmt":"2024-08-28T16:12:19","slug":"rooms","status":"publish","type":"page","link":"https:\/\/www.hoteldevarenne.com\/en\/rooms\/","title":{"rendered":"Chambres"},"content":{"rendered":"\n\t<section class=\"section\" id=\"section_936885729\">\n\t\t<div class=\"bg section-bg fill bg-fill  \" >\n\n\t\t\t\n\t\t\t\n\t\t\t\n\n\t\t<\/div>\n\n\t\t\n\n\t\t<div class=\"section-content relative\">\n\t\t\t\n\n<div class=\"row row-collapse align-middle align-center\"  id=\"row-1285702654\">\n\n\n\t<div id=\"col-142313401\" class=\"col medium-6 small-12 large-6\"  >\n\t\t\t\t<div class=\"col-inner text-center\" style=\"background-color:rgba(255, 255, 255, 0.8);\" >\n\t\t\t\n\t\t\t\n\n<h1 style=\"text-align: center;\">Rooms &#038; Suites<\/h1>\n\n\t\t<\/div>\n\t\t\t\t\n<style>\n#col-142313401 > .col-inner {\n  padding: 10px 10px 10px 10px;\n}\n<\/style>\n\t<\/div>\n\n\t\n\n\n<style>\n#row-1285702654 > .col > .col-inner {\n  padding: 10px 0px 5px 0px;\n}\n<\/style>\n<\/div>\n\n\t\t<\/div>\n\n\t\t\n<style>\n#section_936885729 {\n  padding-top: 30px;\n  padding-bottom: 30px;\n  margin-bottom: 50px;\n  min-height: 350px;\n}\n#section_936885729 .section-bg.bg-loaded {\n  background-image: url(https:\/\/www.hoteldevarenne.com\/wp-content\/uploads\/2023\/06\/superieure-bain-2.jpg);\n}\n<\/style>\n\t<\/section>\n\t\n<div class=\"row row-collapse row-full-width align-middle\"  id=\"row-2011904402\">\n\n\n\t<div id=\"col-594135107\" class=\"col medium-8 small-12 large-8\"  data-animate=\"bounceInLeft\">\n\t\t\t\t<div class=\"col-inner\"  >\n\t\t\t\n\t\t\t\n\n\t<div class=\"img has-hover x md-x lg-x y md-y lg-y\" id=\"image_255537159\">\n\t\t\t\t\t\t\t\t<div class=\"img-inner image-cover box-shadow-3 dark\" style=\"padding-top:50%;\">\n\t\t\t<img decoding=\"async\" width=\"1020\" height=\"679\" src=\"https:\/\/www.hoteldevarenne.com\/wp-content\/uploads\/2023\/06\/classique-douche-1024x682.jpg\" class=\"attachment-large size-large\" alt=\"H\u00f4tel de Varenne Paris Rive Gauche\" srcset=\"https:\/\/www.hoteldevarenne.com\/wp-content\/uploads\/2023\/06\/classique-douche-1024x682.jpg 1024w, https:\/\/www.hoteldevarenne.com\/wp-content\/uploads\/2023\/06\/classique-douche-300x200.jpg 300w, https:\/\/www.hoteldevarenne.com\/wp-content\/uploads\/2023\/06\/classique-douche-768x512.jpg 768w, https:\/\/www.hoteldevarenne.com\/wp-content\/uploads\/2023\/06\/classique-douche-1536x1024.jpg 1536w, https:\/\/www.hoteldevarenne.com\/wp-content\/uploads\/2023\/06\/classique-douche.jpg 1772w\" sizes=\"(max-width: 1020px) 100vw, 1020px\" \/>\t\t\t\t\t\t\n\t\t\t\t\t<\/div>\n\t\t\t\t\t\t\t\t\n<style>\n#image_255537159 {\n  width: 100%;\n}\n<\/style>\n\t<\/div>\n\t\n\n\n\t\t<\/div>\n\t\t\t\t\t<\/div>\n\n\t\n\n\t<div id=\"col-528000160\" class=\"col medium-4 small-12 large-4\"  data-animate=\"bounceInRight\">\n\t\t\t\t<div class=\"col-inner text-center\"  >\n\t\t\t\n\t\t\t\n\n<h3>Classic<\/h3>\n<p>14 m\u00b2 &#8211; 1 double bed (150&#215;190) &#8211; 1 person maximum<\/p>\n\n<a href=\"https:\/\/www.hoteldevarenne.com\/en\/classic-rooms\/\" target=\"_self\" class=\"button alert is-underline is-small lowercase expand\"  >\n    <span>More details<\/span>\n  <\/a>\n\n\n\n\t\t<\/div>\n\t\t\t\t\n<style>\n#col-528000160 > .col-inner {\n  padding: 50px 50px 50px 50px;\n}\n<\/style>\n\t<\/div>\n\n\t\n\n<\/div>\n<div class=\"row row-collapse row-full-width align-middle\"  id=\"row-171404555\">\n\n\n\t<div id=\"col-1409793719\" class=\"col medium-4 small-12 large-4\"  data-animate=\"bounceInLeft\">\n\t\t\t\t<div class=\"col-inner text-center\"  >\n\t\t\t\n\t\t\t\n\n<h3>Twin bath superior<\/h3>\n<p>18 m\u00b2 &#8211; 2 adjoining single beds (90&#215;200) &#8211; from 1 to 2 persons maximum<\/p>\n\n<a href=\"https:\/\/www.hoteldevarenne.com\/en\/superior-rooms\/\" target=\"_self\" class=\"button alert is-underline is-small lowercase expand\"  >\n    <span>More details<\/span>\n  <\/a>\n\n\n\n\t\t<\/div>\n\t\t\t\t\n<style>\n#col-1409793719 > .col-inner {\n  padding: 50px 50px 50px 50px;\n}\n<\/style>\n\t<\/div>\n\n\t\n\n\t<div id=\"col-1892857584\" class=\"col medium-8 small-12 large-8 small-col-first\"  data-animate=\"bounceInRight\">\n\t\t\t\t<div class=\"col-inner\"  >\n\t\t\t\n\t\t\t\n\n\t<div class=\"img has-hover x md-x lg-x y md-y lg-y\" id=\"image_1262536357\">\n\t\t\t\t\t\t\t\t<div class=\"img-inner image-cover box-shadow-3 dark\" style=\"padding-top:50%;\">\n\t\t\t<img decoding=\"async\" width=\"1020\" height=\"679\" src=\"https:\/\/www.hoteldevarenne.com\/wp-content\/uploads\/2023\/06\/superieure-twin-bain-2-1024x682.jpg\" class=\"attachment-large size-large\" alt=\"H\u00f4tel de Varenne Paris Rive Gauche\" srcset=\"https:\/\/www.hoteldevarenne.com\/wp-content\/uploads\/2023\/06\/superieure-twin-bain-2-1024x682.jpg 1024w, https:\/\/www.hoteldevarenne.com\/wp-content\/uploads\/2023\/06\/superieure-twin-bain-2-300x200.jpg 300w, https:\/\/www.hoteldevarenne.com\/wp-content\/uploads\/2023\/06\/superieure-twin-bain-2-768x512.jpg 768w, https:\/\/www.hoteldevarenne.com\/wp-content\/uploads\/2023\/06\/superieure-twin-bain-2-1536x1024.jpg 1536w, https:\/\/www.hoteldevarenne.com\/wp-content\/uploads\/2023\/06\/superieure-twin-bain-2.jpg 1772w\" sizes=\"(max-width: 1020px) 100vw, 1020px\" \/>\t\t\t\t\t\t\n\t\t\t\t\t<\/div>\n\t\t\t\t\t\t\t\t\n<style>\n#image_1262536357 {\n  width: 100%;\n}\n<\/style>\n\t<\/div>\n\t\n\n\n\t\t<\/div>\n\t\t\t\t\t<\/div>\n\n\t\n\n<\/div>\n<div class=\"row row-collapse row-full-width align-middle\"  id=\"row-1181540352\">\n\n\n\t<div id=\"col-930521315\" class=\"col medium-8 small-12 large-8\"  data-animate=\"bounceInLeft\">\n\t\t\t\t<div class=\"col-inner\"  >\n\t\t\t\n\t\t\t\n\n\t<div class=\"img has-hover x md-x lg-x y md-y lg-y\" id=\"image_868544188\">\n\t\t\t\t\t\t\t\t<div class=\"img-inner image-cover box-shadow-3 dark\" style=\"padding-top:50%;\">\n\t\t\t<img decoding=\"async\" width=\"1020\" height=\"679\" src=\"https:\/\/www.hoteldevarenne.com\/wp-content\/uploads\/2023\/06\/superieure-bain-1024x682.jpg\" class=\"attachment-large size-large\" alt=\"H\u00f4tel de Varenne Paris Rive Gauche\" srcset=\"https:\/\/www.hoteldevarenne.com\/wp-content\/uploads\/2023\/06\/superieure-bain-1024x682.jpg 1024w, https:\/\/www.hoteldevarenne.com\/wp-content\/uploads\/2023\/06\/superieure-bain-300x200.jpg 300w, https:\/\/www.hoteldevarenne.com\/wp-content\/uploads\/2023\/06\/superieure-bain-768x512.jpg 768w, https:\/\/www.hoteldevarenne.com\/wp-content\/uploads\/2023\/06\/superieure-bain-1536x1024.jpg 1536w, https:\/\/www.hoteldevarenne.com\/wp-content\/uploads\/2023\/06\/superieure-bain.jpg 1772w\" sizes=\"(max-width: 1020px) 100vw, 1020px\" \/>\t\t\t\t\t\t\n\t\t\t\t\t<\/div>\n\t\t\t\t\t\t\t\t\n<style>\n#image_868544188 {\n  width: 100%;\n}\n<\/style>\n\t<\/div>\n\t\n\n\n\t\t<\/div>\n\t\t\t\t\t<\/div>\n\n\t\n\n\t<div id=\"col-17009440\" class=\"col medium-4 small-12 large-4\"  data-animate=\"bounceInRight\">\n\t\t\t\t<div class=\"col-inner text-center\"  >\n\t\t\t\n\t\t\t\n\n<h3>Double bath superior<\/h3>\n<p>18 m\u00b2 &#8211; 1 double bed (160&#215;190) &#8211; from 1 to 2 persons maximum<\/p>\n\n<a href=\"https:\/\/www.hoteldevarenne.com\/en\/superior-rooms\/\" target=\"_self\" class=\"button alert is-underline is-small lowercase expand\"  >\n    <span>More details<\/span>\n  <\/a>\n\n\n\n\t\t<\/div>\n\t\t\t\t\n<style>\n#col-17009440 > .col-inner {\n  padding: 50px 50px 50px 50px;\n}\n<\/style>\n\t<\/div>\n\n\t\n\n<\/div>\n<div class=\"row row-collapse row-full-width align-middle\"  id=\"row-927704265\">\n\n\n\t<div id=\"col-1352522351\" class=\"col medium-4 small-12 large-4\"  data-animate=\"bounceInRight\">\n\t\t\t\t<div class=\"col-inner text-center\"  >\n\t\t\t\n\t\t\t\n\n<h3>Double bath deluxe<\/h3>\n<p>24 m\u00b2 &#8211; 1 double bed(180&#215;200) &#8211; from 1 to 2 persons maximum<\/p>\n\n<a href=\"https:\/\/www.hoteldevarenne.com\/en\/superior-rooms\/\" target=\"_self\" class=\"button alert is-underline is-small lowercase expand\"  >\n    <span>More details<\/span>\n  <\/a>\n\n\n\n\t\t<\/div>\n\t\t\t\t\n<style>\n#col-1352522351 > .col-inner {\n  padding: 50px 50px 50px 50px;\n}\n<\/style>\n\t<\/div>\n\n\t\n\n\t<div id=\"col-1288185986\" class=\"col medium-8 small-12 large-8 small-col-first\"  data-animate=\"fadeInUp\">\n\t\t\t\t<div class=\"col-inner\"  >\n\t\t\t\n\t\t\t\n\n\t<div class=\"img has-hover x md-x lg-x y md-y lg-y\" id=\"image_404399003\">\n\t\t\t\t\t\t\t\t<div class=\"img-inner image-cover box-shadow-3 dark\" style=\"padding-top:50%;\">\n\t\t\t<img decoding=\"async\" width=\"1020\" height=\"679\" src=\"https:\/\/www.hoteldevarenne.com\/wp-content\/uploads\/2023\/06\/superieure-bain-2-1024x682.jpg\" class=\"attachment-large size-large\" alt=\"H\u00f4tel de Varenne Paris Rive Gauche\" srcset=\"https:\/\/www.hoteldevarenne.com\/wp-content\/uploads\/2023\/06\/superieure-bain-2-1024x682.jpg 1024w, https:\/\/www.hoteldevarenne.com\/wp-content\/uploads\/2023\/06\/superieure-bain-2-300x200.jpg 300w, https:\/\/www.hoteldevarenne.com\/wp-content\/uploads\/2023\/06\/superieure-bain-2-768x512.jpg 768w, https:\/\/www.hoteldevarenne.com\/wp-content\/uploads\/2023\/06\/superieure-bain-2-1536x1024.jpg 1536w, https:\/\/www.hoteldevarenne.com\/wp-content\/uploads\/2023\/06\/superieure-bain-2.jpg 1772w\" sizes=\"(max-width: 1020px) 100vw, 1020px\" \/>\t\t\t\t\t\t\n\t\t\t\t\t<\/div>\n\t\t\t\t\t\t\t\t\n<style>\n#image_404399003 {\n  width: 100%;\n}\n<\/style>\n\t<\/div>\n\t\n\n\n\t\t<\/div>\n\t\t\t\t\t<\/div>\n\n\t\n\n<\/div>\n<div class=\"row row-collapse row-full-width align-middle\"  id=\"row-250624711\">\n\n\n\t<div id=\"col-914352765\" class=\"col medium-8 small-12 large-8\"  data-animate=\"fadeInUp\">\n\t\t\t\t<div class=\"col-inner\"  >\n\t\t\t\n\t\t\t\n\n\t<div class=\"img has-hover x md-x lg-x y md-y lg-y\" id=\"image_1802753195\">\n\t\t\t\t\t\t\t\t<div class=\"img-inner image-cover box-shadow-3 dark\" style=\"padding-top:50%;\">\n\t\t\t<img decoding=\"async\" width=\"1020\" height=\"699\" src=\"https:\/\/www.hoteldevarenne.com\/wp-content\/uploads\/2023\/06\/deluxe-twin-bain-1024x702.jpg\" class=\"attachment-large size-large\" alt=\"H\u00f4tel de Varenne Paris Rive Gauche\" srcset=\"https:\/\/www.hoteldevarenne.com\/wp-content\/uploads\/2023\/06\/deluxe-twin-bain-1024x702.jpg 1024w, https:\/\/www.hoteldevarenne.com\/wp-content\/uploads\/2023\/06\/deluxe-twin-bain-300x206.jpg 300w, https:\/\/www.hoteldevarenne.com\/wp-content\/uploads\/2023\/06\/deluxe-twin-bain-768x526.jpg 768w, https:\/\/www.hoteldevarenne.com\/wp-content\/uploads\/2023\/06\/deluxe-twin-bain-1536x1053.jpg 1536w, https:\/\/www.hoteldevarenne.com\/wp-content\/uploads\/2023\/06\/deluxe-twin-bain.jpg 1723w\" sizes=\"(max-width: 1020px) 100vw, 1020px\" \/>\t\t\t\t\t\t\n\t\t\t\t\t<\/div>\n\t\t\t\t\t\t\t\t\n<style>\n#image_1802753195 {\n  width: 100%;\n}\n<\/style>\n\t<\/div>\n\t\n\n\n\t\t<\/div>\n\t\t\t\t\t<\/div>\n\n\t\n\n\t<div id=\"col-1715151703\" class=\"col medium-4 small-12 large-4\"  data-animate=\"bounceInLeft\">\n\t\t\t\t<div class=\"col-inner text-center\"  >\n\t\t\t\n\t\t\t\n\n<h3>Twin bath deluxe<\/h3>\n<p>24 m\u00b2 &#8211; 2 adjoining single beds (90&#215;200) &#8211; from 1 to 2 persons maximum<\/p>\n\n<a href=\"https:\/\/www.hoteldevarenne.com\/en\/deluxe-rooms\/\" target=\"_self\" class=\"button alert is-underline is-small lowercase expand\"  >\n    <span>More details<\/span>\n  <\/a>\n\n\n\n\t\t<\/div>\n\t\t\t\t\n<style>\n#col-1715151703 > .col-inner {\n  padding: 50px 50px 50px 50px;\n}\n<\/style>\n\t<\/div>\n\n\t\n\n<\/div>\n<div class=\"row row-collapse row-full-width align-middle\"  id=\"row-367542931\">\n\n\n\t<div id=\"col-220531739\" class=\"col medium-4 small-12 large-4\"  data-animate=\"bounceInRight\">\n\t\t\t\t<div class=\"col-inner text-center\"  >\n\t\t\t\n\t\t\t\n\n<h3>Suite bath<\/h3>\n<p>35 m\u00b2 &#8211; 1 Queen size bed(160&#215;200) and a sofa bed (140&#215;190) &#8211; from 1 to 4 persons maximum<\/p>\n\n<a href=\"https:\/\/www.hoteldevarenne.com\/en\/suite\/\" target=\"_self\" class=\"button alert is-underline is-small lowercase expand\"  >\n    <span>More details<\/span>\n  <\/a>\n\n\n\n\t\t<\/div>\n\t\t\t\t\n<style>\n#col-220531739 > .col-inner {\n  padding: 50px 50px 50px 50px;\n}\n<\/style>\n\t<\/div>\n\n\t\n\n\t<div id=\"col-1427893884\" class=\"col medium-8 small-12 large-8 small-col-first\"  data-animate=\"fadeInUp\">\n\t\t\t\t<div class=\"col-inner\"  >\n\t\t\t\n\t\t\t\n\n\t<div class=\"img has-hover x md-x lg-x y md-y lg-y\" id=\"image_515641142\">\n\t\t\t\t\t\t\t\t<div class=\"img-inner image-cover box-shadow-3 dark\" style=\"padding-top:50%;\">\n\t\t\t<img decoding=\"async\" width=\"1020\" height=\"680\" src=\"https:\/\/www.hoteldevarenne.com\/wp-content\/uploads\/2023\/06\/suite-1-1024x683.jpg\" class=\"attachment-large size-large\" alt=\"\" srcset=\"https:\/\/www.hoteldevarenne.com\/wp-content\/uploads\/2023\/06\/suite-1-1024x683.jpg 1024w, https:\/\/www.hoteldevarenne.com\/wp-content\/uploads\/2023\/06\/suite-1-300x200.jpg 300w, https:\/\/www.hoteldevarenne.com\/wp-content\/uploads\/2023\/06\/suite-1-768x512.jpg 768w, https:\/\/www.hoteldevarenne.com\/wp-content\/uploads\/2023\/06\/suite-1.jpg 1200w\" sizes=\"(max-width: 1020px) 100vw, 1020px\" \/>\t\t\t\t\t\t\n\t\t\t\t\t<\/div>\n\t\t\t\t\t\t\t\t\n<style>\n#image_515641142 {\n  width: 100%;\n}\n<\/style>\n\t<\/div>\n\t\n\n\n\t\t<\/div>\n\t\t\t\t\t<\/div>\n\n\t\n\n<\/div>\n\t<section class=\"section\" id=\"section_1601356178\">\n\t\t<div class=\"bg section-bg fill bg-fill  bg-loaded\" >\n\n\t\t\t\n\t\t\t\n\t\t\t\n\n\t\t<\/div>\n\n\t\t\n\n\t\t<div class=\"section-content relative\">\n\t\t\t\n\n<div class=\"row\"  id=\"row-1770562705\">\n\n\n\t<div id=\"col-757383853\" class=\"col small-12 large-12\"  >\n\t\t\t\t<div class=\"col-inner\"  >\n\t\t\t\n\t\t\t\n\n<p>Each of the 26 perfectly-soundproofed rooms are elegantly decorated, in Louis XVI or Empire style. They have all been completely renovated, to provide the greatest of comfort. Here, the magnificence of yesteryear mingles with the most state-of-the-art technology. Almost all the rooms overlook the garden.<\/p>\n<h2 style=\"text-align: center;\">Facilities<\/h2>\n\n\t\t<\/div>\n\t\t\t\t\t<\/div>\n\n\t\n\n\t<div id=\"col-1857056768\" class=\"col medium-6 small-12 large-6\"  >\n\t\t\t\t<div class=\"col-inner\"  >\n\t\t\t\n\t\t\t\n\n<ul>\n<li>Shower or Bath (To book a room with disabled access, please contact the hotel directly before making your reservation)<\/li>\n<li>Toilets<\/li>\n<li>Desk<\/li>\n<li>Mini bar<\/li>\n<li>Air conditioning (in hot season)<\/li>\n<li>Soundproof<\/li>\n<li>Free high speed WIFI<\/li>\n<\/ul>\n\n\t\t<\/div>\n\t\t\t\t\t<\/div>\n\n\t\n\n\t<div id=\"col-366769187\" class=\"col medium-6 small-12 large-6\"  >\n\t\t\t\t<div class=\"col-inner\"  >\n\t\t\t\n\t\t\t\n\n<ul>\n<li>Safe<\/li>\n<li>LED HD flat screen<\/li>\n<li>Courtyard view<\/li>\n<li>Coffee maker\u00a0<\/li>\n<li>Kettle<\/li>\n<li>Non-smoking<\/li>\n<li>Bath robe<\/li>\n<li>Slippers<\/li>\n<li>Hairdryer<\/li>\n<\/ul>\n\n\t\t<\/div>\n\t\t\t\t\t<\/div>\n\n\t\n\n<\/div>\n\n\t\t<\/div>\n\n\t\t\n<style>\n#section_1601356178 {\n  padding-top: 30px;\n  padding-bottom: 30px;\n}\n<\/style>\n\t<\/section>\n\t\n\n","protected":false},"excerpt":{"rendered":"","protected":false},"author":1,"featured_media":0,"parent":0,"menu_order":0,"comment_status":"closed","ping_status":"closed","template":"page-blank.php","meta":{"footnotes":""},"class_list":["post-413","page","type-page","status-publish","hentry"],"yoast_head":"<!-- This site is optimized with the Yoast SEO plugin v23.4 - https:\/\/yoast.com\/wordpress\/plugins\/seo\/ -->\n<title>Hotel de Varenne Paris - 26 rooms - OFFICIAL SITE<\/title>\n<meta name=\"description\" content=\"26 rooms decorated in Louis XVI or Empire style. A cozy room with excellent TRECA PALACE bed linen. Flat screen TV, view over garden, air-conditioning, DVD player, etc.\" \/>\n<meta name=\"robots\" content=\"index, follow, max-snippet:-1, max-image-preview:large, max-video-preview:-1\" \/>\n<link rel=\"canonical\" href=\"https:\/\/www.hoteldevarenne.com\/en\/rooms\/\" \/>\n<meta property=\"og:locale\" content=\"en_US\" \/>\n<meta property=\"og:type\" content=\"article\" \/>\n<meta property=\"og:title\" content=\"Hotel de Varenne Paris - 26 rooms - OFFICIAL SITE\" \/>\n<meta property=\"og:description\" content=\"26 rooms decorated in Louis XVI or Empire style. A cozy room with excellent TRECA PALACE bed linen. Flat screen TV, view over garden, air-conditioning, DVD player, etc.\" \/>\n<meta property=\"og:url\" content=\"https:\/\/www.hoteldevarenne.com\/en\/rooms\/\" \/>\n<meta property=\"og:site_name\" content=\"H\u00f4tel de Varenne\" \/>\n<meta property=\"article:modified_time\" content=\"2024-08-28T16:12:19+00:00\" \/>\n<meta name=\"twitter:card\" content=\"summary_large_image\" \/>\n<meta name=\"twitter:label1\" content=\"Est. reading time\" \/>\n\t<meta name=\"twitter:data1\" content=\"3 minutes\" \/>\n<script type=\"application\/ld+json\" class=\"yoast-schema-graph\">{\"@context\":\"https:\/\/schema.org\",\"@graph\":[{\"@type\":\"WebPage\",\"@id\":\"https:\/\/www.hoteldevarenne.com\/en\/rooms\/\",\"url\":\"https:\/\/www.hoteldevarenne.com\/en\/rooms\/\",\"name\":\"Hotel de Varenne Paris - 26 rooms - OFFICIAL SITE\",\"isPartOf\":{\"@id\":\"https:\/\/www.hoteldevarenne.com\/#website\"},\"datePublished\":\"2023-07-03T08:45:30+00:00\",\"dateModified\":\"2024-08-28T16:12:19+00:00\",\"description\":\"26 rooms decorated in Louis XVI or Empire style. A cozy room with excellent TRECA PALACE bed linen. Flat screen TV, view over garden, air-conditioning, DVD player, etc.\",\"breadcrumb\":{\"@id\":\"https:\/\/www.hoteldevarenne.com\/en\/rooms\/#breadcrumb\"},\"inLanguage\":\"en-US\",\"potentialAction\":[{\"@type\":\"ReadAction\",\"target\":[\"https:\/\/www.hoteldevarenne.com\/en\/rooms\/\"]}]},{\"@type\":\"BreadcrumbList\",\"@id\":\"https:\/\/www.hoteldevarenne.com\/en\/rooms\/#breadcrumb\",\"itemListElement\":[{\"@type\":\"ListItem\",\"position\":1,\"name\":\"Accueil\",\"item\":\"https:\/\/www.hoteldevarenne.com\/en\/\"},{\"@type\":\"ListItem\",\"position\":2,\"name\":\"Chambres\"}]},{\"@type\":\"WebSite\",\"@id\":\"https:\/\/www.hoteldevarenne.com\/#website\",\"url\":\"https:\/\/www.hoteldevarenne.com\/\",\"name\":\"H\u00f4tel de Varenne\",\"description\":\"H\u00f4tel 4 \u00e9toiles Paris Rive Gauche Invalides\",\"potentialAction\":[{\"@type\":\"SearchAction\",\"target\":{\"@type\":\"EntryPoint\",\"urlTemplate\":\"https:\/\/www.hoteldevarenne.com\/?s={search_term_string}\"},\"query-input\":{\"@type\":\"PropertyValueSpecification\",\"valueRequired\":true,\"valueName\":\"search_term_string\"}}],\"inLanguage\":\"en-US\"}]}<\/script>\n<!-- \/ Yoast SEO plugin. -->","yoast_head_json":{"title":"Hotel de Varenne Paris - 26 rooms - OFFICIAL SITE","description":"26 rooms decorated in Louis XVI or Empire style. A cozy room with excellent TRECA PALACE bed linen. Flat screen TV, view over garden, air-conditioning, DVD player, etc.","robots":{"index":"index","follow":"follow","max-snippet":"max-snippet:-1","max-image-preview":"max-image-preview:large","max-video-preview":"max-video-preview:-1"},"canonical":"https:\/\/www.hoteldevarenne.com\/en\/rooms\/","og_locale":"en_US","og_type":"article","og_title":"Hotel de Varenne Paris - 26 rooms - OFFICIAL SITE","og_description":"26 rooms decorated in Louis XVI or Empire style. A cozy room with excellent TRECA PALACE bed linen. Flat screen TV, view over garden, air-conditioning, DVD player, etc.","og_url":"https:\/\/www.hoteldevarenne.com\/en\/rooms\/","og_site_name":"H\u00f4tel de Varenne","article_modified_time":"2024-08-28T16:12:19+00:00","twitter_card":"summary_large_image","twitter_misc":{"Est. reading time":"3 minutes"},"schema":{"@context":"https:\/\/schema.org","@graph":[{"@type":"WebPage","@id":"https:\/\/www.hoteldevarenne.com\/en\/rooms\/","url":"https:\/\/www.hoteldevarenne.com\/en\/rooms\/","name":"Hotel de Varenne Paris - 26 rooms - OFFICIAL SITE","isPartOf":{"@id":"https:\/\/www.hoteldevarenne.com\/#website"},"datePublished":"2023-07-03T08:45:30+00:00","dateModified":"2024-08-28T16:12:19+00:00","description":"26 rooms decorated in Louis XVI or Empire style. A cozy room with excellent TRECA PALACE bed linen. Flat screen TV, view over garden, air-conditioning, DVD player, etc.","breadcrumb":{"@id":"https:\/\/www.hoteldevarenne.com\/en\/rooms\/#breadcrumb"},"inLanguage":"en-US","potentialAction":[{"@type":"ReadAction","target":["https:\/\/www.hoteldevarenne.com\/en\/rooms\/"]}]},{"@type":"BreadcrumbList","@id":"https:\/\/www.hoteldevarenne.com\/en\/rooms\/#breadcrumb","itemListElement":[{"@type":"ListItem","position":1,"name":"Accueil","item":"https:\/\/www.hoteldevarenne.com\/en\/"},{"@type":"ListItem","position":2,"name":"Chambres"}]},{"@type":"WebSite","@id":"https:\/\/www.hoteldevarenne.com\/#website","url":"https:\/\/www.hoteldevarenne.com\/","name":"H\u00f4tel de Varenne","description":"H\u00f4tel 4 \u00e9toiles Paris Rive Gauche Invalides","potentialAction":[{"@type":"SearchAction","target":{"@type":"EntryPoint","urlTemplate":"https:\/\/www.hoteldevarenne.com\/?s={search_term_string}"},"query-input":{"@type":"PropertyValueSpecification","valueRequired":true,"valueName":"search_term_string"}}],"inLanguage":"en-US"}]}},"_links":{"self":[{"href":"https:\/\/www.hoteldevarenne.com\/en\/wp-json\/wp\/v2\/pages\/413","targetHints":{"allow":["GET"]}}],"collection":[{"href":"https:\/\/www.hoteldevarenne.com\/en\/wp-json\/wp\/v2\/pages"}],"about":[{"href":"https:\/\/www.hoteldevarenne.com\/en\/wp-json\/wp\/v2\/types\/page"}],"author":[{"embeddable":true,"href":"https:\/\/www.hoteldevarenne.com\/en\/wp-json\/wp\/v2\/users\/1"}],"replies":[{"embeddable":true,"href":"https:\/\/www.hoteldevarenne.com\/en\/wp-json\/wp\/v2\/comments?post=413"}],"version-history":[{"count":8,"href":"https:\/\/www.hoteldevarenne.com\/en\/wp-json\/wp\/v2\/pages\/413\/revisions"}],"predecessor-version":[{"id":564,"href":"https:\/\/www.hoteldevarenne.com\/en\/wp-json\/wp\/v2\/pages\/413\/revisions\/564"}],"wp:attachment":[{"href":"https:\/\/www.hoteldevarenne.com\/en\/wp-json\/wp\/v2\/media?parent=413"}],"curies":[{"name":"wp","href":"https:\/\/api.w.org\/{rel}","templated":true}]}}