{"id":415,"date":"2023-07-06T12:50:08","date_gmt":"2023-07-06T10:50:08","guid":{"rendered":"https:\/\/sofimediat.fr\/varenne\/chambres-deluxe\/"},"modified":"2025-07-18T10:35:59","modified_gmt":"2025-07-18T08:35:59","slug":"deluxe-rooms","status":"publish","type":"page","link":"https:\/\/www.hoteldevarenne.com\/en\/deluxe-rooms\/","title":{"rendered":"Chambre Deluxe"},"content":{"rendered":"\n\t<section class=\"section\" id=\"section_175647642\">\n\t\t<div class=\"bg section-bg fill bg-fill  bg-loaded\" >\n\n\t\t\t\n\t\t\t<button class=\"scroll-for-more z-5 icon absolute bottom h-center\" aria-label=\"Scroll for more\"><i class=\"icon-angle-down\" style=\"font-size:42px;\" ><\/i><\/button>\n\t\t\t\n\n\t\t<\/div>\n\n\t\t\n\n\t\t<div class=\"section-content relative\">\n\t\t\t\n\n<div class=\"slider-wrapper relative\" id=\"slider-234038985\" >\n    <div class=\"slider slider-type-fade slider-nav-circle slider-nav-large slider-nav-light slider-style-normal\"\n        data-flickity-options='{\n            \"cellAlign\": \"center\",\n            \"imagesLoaded\": true,\n            \"lazyLoad\": 1,\n            \"freeScroll\": false,\n            \"wrapAround\": true,\n            \"autoPlay\": 6000,\n            \"pauseAutoPlayOnHover\" : true,\n            \"prevNextButtons\": true,\n            \"contain\" : true,\n            \"adaptiveHeight\" : true,\n            \"dragThreshold\" : 10,\n            \"percentPosition\": true,\n            \"pageDots\": true,\n            \"rightToLeft\": false,\n            \"draggable\": true,\n            \"selectedAttraction\": 0.1,\n            \"parallax\" : 0,\n            \"friction\": 0.6        }'\n        >\n        \n\n\n  <div class=\"banner has-hover\" id=\"banner-202274848\">\n          <div class=\"banner-inner fill\">\n        <div class=\"banner-bg fill\" >\n            <div class=\"bg fill bg-fill \"><\/div>\n                                    \n                    <\/div>\n\t\t\n        <div class=\"banner-layers container\">\n            <div class=\"fill banner-link\"><\/div>            \n\n   <div id=\"text-box-1690248923\" class=\"text-box banner-layer x50 md-x50 lg-x50 y50 md-y50 lg-y50 res-text\">\n                                <div class=\"text-box-content text dark\">\n              \n              <div class=\"text-inner text-center\">\n                  \n\n\n              <\/div>\n           <\/div>\n                            \n<style>\n#text-box-1690248923 {\n  width: 60%;\n}\n#text-box-1690248923 .text-box-content {\n  font-size: 100%;\n}\n<\/style>\n    <\/div>\n \n\n        <\/div>\n      <\/div>\n\n            \n<style>\n#banner-202274848 {\n  padding-top: 50%;\n}\n#banner-202274848 .bg.bg-loaded {\n  background-image: url(https:\/\/www.hoteldevarenne.com\/wp-content\/uploads\/2023\/06\/superieure-bain-2.jpg);\n}\n<\/style>\n  <\/div>\n\n\n\n  <div class=\"banner has-hover\" id=\"banner-1414122590\">\n          <div class=\"banner-inner fill\">\n        <div class=\"banner-bg fill\" >\n            <div class=\"bg fill bg-fill \"><\/div>\n                                    \n                    <\/div>\n\t\t\n        <div class=\"banner-layers container\">\n            <div class=\"fill banner-link\"><\/div>            \n\n   <div id=\"text-box-1617156974\" class=\"text-box banner-layer x50 md-x50 lg-x50 y50 md-y50 lg-y50 res-text\">\n                                <div class=\"text-box-content text dark\">\n              \n              <div class=\"text-inner text-center\">\n                  \n\n\n              <\/div>\n           <\/div>\n                            \n<style>\n#text-box-1617156974 {\n  width: 60%;\n}\n#text-box-1617156974 .text-box-content {\n  font-size: 100%;\n}\n<\/style>\n    <\/div>\n \n\n        <\/div>\n      <\/div>\n\n            \n<style>\n#banner-1414122590 {\n  padding-top: 50%;\n}\n#banner-1414122590 .bg.bg-loaded {\n  background-image: url(https:\/\/www.hoteldevarenne.com\/wp-content\/uploads\/2023\/06\/deluxe-twin-bain.jpg);\n}\n<\/style>\n  <\/div>\n\n\n\n     <\/div>\n\n     <div class=\"loading-spin dark large centered\"><\/div>\n\n\t<\/div>\n\n\n\n\t\t<\/div>\n\n\t\t\n<style>\n#section_175647642 {\n  padding-top: 0px;\n  padding-bottom: 0px;\n}\n<\/style>\n\t<\/section>\n\t\n\t<section class=\"section\" id=\"section_122151691\">\n\t\t<div class=\"bg section-bg fill bg-fill  bg-loaded\" >\n\n\t\t\t\n\t\t\t\n\t\t\t\n\n\t\t<\/div>\n\n\t\t\n\n\t\t<div class=\"section-content relative\">\n\t\t\t\n\n<div class=\"row\"  id=\"row-227473363\">\n\n\n\t<div id=\"col-2003764541\" class=\"col small-12 large-12\"  data-animate=\"bounceInUp\">\n\t\t\t\t<div class=\"col-inner\"  >\n\t\t\t\n\t\t\t\n\n<h4 style=\"text-align: center;\">Deluxe Room<br \/>24m\u00b2 &#8211; 1 double bed (180&#215;200) or 2 adjacent twin beds (90&#215;200) on prior request &#8211; Possibility of an extra single bed or a baby cot (subject to availability) &#8211; 3 people maximum<br \/>Bathtub<\/h4>\n<a rel=\"noopener noreferrer\" href=\"https:\/\/www.secure-hotel-booking.com\/Hotel-de-Varenne\/J71N\/en-US?hotelId=28953\" target=\"_blank\" class=\"button primary is-underline expand\"  >\n    <span>Book your room<\/span>\n  <\/a>\n\n\n\n\t\t<\/div>\n\t\t\t\t\t<\/div>\n\n\t\n\n<\/div>\n\n\t\t<\/div>\n\n\t\t\n<style>\n#section_122151691 {\n  padding-top: 30px;\n  padding-bottom: 30px;\n}\n<\/style>\n\t<\/section>\n\t\n\t<section class=\"section\" id=\"section_533639558\">\n\t\t<div class=\"bg section-bg fill bg-fill  bg-loaded\" >\n\n\t\t\t\n\t\t\t\n\t\t\t\n\n\t\t<\/div>\n\n\t\t\n\n\t\t<div class=\"section-content relative\">\n\t\t\t\n\n<div class=\"row align-center\"  id=\"row-906410634\">\n\n\n\t<div id=\"col-1641414769\" class=\"col medium-4 small-12 large-4\"  data-animate=\"bounceInLeft\">\n\t\t\t\t<div class=\"col-inner\"  >\n\t\t\t\n\t\t\t\n\n\t<div class=\"img has-hover x md-x lg-x y md-y lg-y\" id=\"image_587611954\">\n\t\t\t\t\t\t\t\t<div class=\"img-inner box-shadow-3 dark\" >\n\t\t\t<img decoding=\"async\" width=\"1181\" height=\"1772\" src=\"https:\/\/www.hoteldevarenne.com\/wp-content\/uploads\/2023\/06\/jardin-detail.jpg\" class=\"attachment-original size-original\" alt=\"H\u00f4tel de Varenne Paris Rive Gauche\" srcset=\"https:\/\/www.hoteldevarenne.com\/wp-content\/uploads\/2023\/06\/jardin-detail.jpg 1181w, https:\/\/www.hoteldevarenne.com\/wp-content\/uploads\/2023\/06\/jardin-detail-200x300.jpg 200w, https:\/\/www.hoteldevarenne.com\/wp-content\/uploads\/2023\/06\/jardin-detail-682x1024.jpg 682w, https:\/\/www.hoteldevarenne.com\/wp-content\/uploads\/2023\/06\/jardin-detail-768x1152.jpg 768w, https:\/\/www.hoteldevarenne.com\/wp-content\/uploads\/2023\/06\/jardin-detail-1024x1536.jpg 1024w\" sizes=\"(max-width: 1181px) 100vw, 1181px\" \/>\t\t\t\t\t\t\n\t\t\t\t\t<\/div>\n\t\t\t\t\t\t\t\t\n<style>\n#image_587611954 {\n  width: 100%;\n}\n<\/style>\n\t<\/div>\n\t\n\n\n\t\t<\/div>\n\t\t\t\t\t<\/div>\n\n\t\n\n\t<div id=\"col-751239224\" class=\"col medium-6 small-12 large-6\"  data-animate=\"bounceInRight\">\n\t\t\t\t<div class=\"col-inner\"  >\n\t\t\t\n\t\t\t\n\n<h3 style=\"text-align: center;\">Facilities &amp; Services<\/h3>\n<p>\u2022 Private bath with toilet<br \/>\u2022 Hairdryer, bathrobe, slippers and toiletries<br \/>\u2022 Desk<br \/>\u2022 Closet<br \/>\u2022 Telephone<br \/>\u2022 Minibar<br \/>\u2022 Safe<br \/>\u2022 High-speed Wi-Fi<br \/>\u2022 Television<br \/>\u2022 Nespresso coffee machine<br \/>\u2022 Kettle<br \/>\u2022 Adjustable air conditioning (summer only)<\/p>\n\n\t\t<\/div>\n\t\t\t\t\t<\/div>\n\n\t\n\n<\/div>\n\n\t\t<\/div>\n\n\t\t\n<style>\n#section_533639558 {\n  padding-top: 30px;\n  padding-bottom: 30px;\n}\n<\/style>\n\t<\/section>\n\t\n\n","protected":false},"excerpt":{"rendered":"","protected":false},"author":1,"featured_media":0,"parent":0,"menu_order":0,"comment_status":"closed","ping_status":"closed","template":"page-blank.php","meta":{"footnotes":""},"class_list":["post-415","page","type-page","status-publish","hentry"],"yoast_head":"<!-- This site is optimized with the Yoast SEO plugin v23.4 - https:\/\/yoast.com\/wordpress\/plugins\/seo\/ -->\n<title>Deluxe rooms at the Hotel de Varenne Paris<\/title>\n<meta name=\"description\" content=\"Louis XVI or Empire style rooms. Comfort room with excellent TRECA PALACE bedding. Flat Screen, Garden View, Air Conditioning etc.\" \/>\n<meta name=\"robots\" content=\"index, follow, max-snippet:-1, max-image-preview:large, max-video-preview:-1\" \/>\n<link rel=\"canonical\" href=\"https:\/\/www.hoteldevarenne.com\/en\/deluxe-rooms\/\" \/>\n<meta property=\"og:locale\" content=\"en_US\" \/>\n<meta property=\"og:type\" content=\"article\" \/>\n<meta property=\"og:title\" content=\"Deluxe rooms at the Hotel de Varenne Paris\" \/>\n<meta property=\"og:description\" content=\"Louis XVI or Empire style rooms. Comfort room with excellent TRECA PALACE bedding. Flat Screen, Garden View, Air Conditioning etc.\" \/>\n<meta property=\"og:url\" content=\"https:\/\/www.hoteldevarenne.com\/en\/deluxe-rooms\/\" \/>\n<meta property=\"og:site_name\" content=\"H\u00f4tel de Varenne\" \/>\n<meta property=\"article:modified_time\" content=\"2025-07-18T08:35:59+00:00\" \/>\n<meta name=\"twitter:card\" content=\"summary_large_image\" \/>\n<meta name=\"twitter:label1\" content=\"Est. reading time\" \/>\n\t<meta name=\"twitter:data1\" content=\"1 minute\" \/>\n<script type=\"application\/ld+json\" class=\"yoast-schema-graph\">{\"@context\":\"https:\/\/schema.org\",\"@graph\":[{\"@type\":\"WebPage\",\"@id\":\"https:\/\/www.hoteldevarenne.com\/en\/deluxe-rooms\/\",\"url\":\"https:\/\/www.hoteldevarenne.com\/en\/deluxe-rooms\/\",\"name\":\"Deluxe rooms at the Hotel de Varenne Paris\",\"isPartOf\":{\"@id\":\"https:\/\/www.hoteldevarenne.com\/#website\"},\"datePublished\":\"2023-07-06T10:50:08+00:00\",\"dateModified\":\"2025-07-18T08:35:59+00:00\",\"description\":\"Louis XVI or Empire style rooms. Comfort room with excellent TRECA PALACE bedding. Flat Screen, Garden View, Air Conditioning etc.\",\"breadcrumb\":{\"@id\":\"https:\/\/www.hoteldevarenne.com\/en\/deluxe-rooms\/#breadcrumb\"},\"inLanguage\":\"en-US\",\"potentialAction\":[{\"@type\":\"ReadAction\",\"target\":[\"https:\/\/www.hoteldevarenne.com\/en\/deluxe-rooms\/\"]}]},{\"@type\":\"BreadcrumbList\",\"@id\":\"https:\/\/www.hoteldevarenne.com\/en\/deluxe-rooms\/#breadcrumb\",\"itemListElement\":[{\"@type\":\"ListItem\",\"position\":1,\"name\":\"Accueil\",\"item\":\"https:\/\/www.hoteldevarenne.com\/en\/\"},{\"@type\":\"ListItem\",\"position\":2,\"name\":\"Chambre Deluxe\"}]},{\"@type\":\"WebSite\",\"@id\":\"https:\/\/www.hoteldevarenne.com\/#website\",\"url\":\"https:\/\/www.hoteldevarenne.com\/\",\"name\":\"H\u00f4tel de Varenne\",\"description\":\"H\u00f4tel 4 \u00e9toiles Paris Rive Gauche Invalides\",\"potentialAction\":[{\"@type\":\"SearchAction\",\"target\":{\"@type\":\"EntryPoint\",\"urlTemplate\":\"https:\/\/www.hoteldevarenne.com\/?s={search_term_string}\"},\"query-input\":{\"@type\":\"PropertyValueSpecification\",\"valueRequired\":true,\"valueName\":\"search_term_string\"}}],\"inLanguage\":\"en-US\"}]}<\/script>\n<!-- \/ Yoast SEO plugin. -->","yoast_head_json":{"title":"Deluxe rooms at the Hotel de Varenne Paris","description":"Louis XVI or Empire style rooms. Comfort room with excellent TRECA PALACE bedding. Flat Screen, Garden View, Air Conditioning etc.","robots":{"index":"index","follow":"follow","max-snippet":"max-snippet:-1","max-image-preview":"max-image-preview:large","max-video-preview":"max-video-preview:-1"},"canonical":"https:\/\/www.hoteldevarenne.com\/en\/deluxe-rooms\/","og_locale":"en_US","og_type":"article","og_title":"Deluxe rooms at the Hotel de Varenne Paris","og_description":"Louis XVI or Empire style rooms. Comfort room with excellent TRECA PALACE bedding. Flat Screen, Garden View, Air Conditioning etc.","og_url":"https:\/\/www.hoteldevarenne.com\/en\/deluxe-rooms\/","og_site_name":"H\u00f4tel de Varenne","article_modified_time":"2025-07-18T08:35:59+00:00","twitter_card":"summary_large_image","twitter_misc":{"Est. reading time":"1 minute"},"schema":{"@context":"https:\/\/schema.org","@graph":[{"@type":"WebPage","@id":"https:\/\/www.hoteldevarenne.com\/en\/deluxe-rooms\/","url":"https:\/\/www.hoteldevarenne.com\/en\/deluxe-rooms\/","name":"Deluxe rooms at the Hotel de Varenne Paris","isPartOf":{"@id":"https:\/\/www.hoteldevarenne.com\/#website"},"datePublished":"2023-07-06T10:50:08+00:00","dateModified":"2025-07-18T08:35:59+00:00","description":"Louis XVI or Empire style rooms. Comfort room with excellent TRECA PALACE bedding. Flat Screen, Garden View, Air Conditioning etc.","breadcrumb":{"@id":"https:\/\/www.hoteldevarenne.com\/en\/deluxe-rooms\/#breadcrumb"},"inLanguage":"en-US","potentialAction":[{"@type":"ReadAction","target":["https:\/\/www.hoteldevarenne.com\/en\/deluxe-rooms\/"]}]},{"@type":"BreadcrumbList","@id":"https:\/\/www.hoteldevarenne.com\/en\/deluxe-rooms\/#breadcrumb","itemListElement":[{"@type":"ListItem","position":1,"name":"Accueil","item":"https:\/\/www.hoteldevarenne.com\/en\/"},{"@type":"ListItem","position":2,"name":"Chambre Deluxe"}]},{"@type":"WebSite","@id":"https:\/\/www.hoteldevarenne.com\/#website","url":"https:\/\/www.hoteldevarenne.com\/","name":"H\u00f4tel de Varenne","description":"H\u00f4tel 4 \u00e9toiles Paris Rive Gauche Invalides","potentialAction":[{"@type":"SearchAction","target":{"@type":"EntryPoint","urlTemplate":"https:\/\/www.hoteldevarenne.com\/?s={search_term_string}"},"query-input":{"@type":"PropertyValueSpecification","valueRequired":true,"valueName":"search_term_string"}}],"inLanguage":"en-US"}]}},"_links":{"self":[{"href":"https:\/\/www.hoteldevarenne.com\/en\/wp-json\/wp\/v2\/pages\/415","targetHints":{"allow":["GET"]}}],"collection":[{"href":"https:\/\/www.hoteldevarenne.com\/en\/wp-json\/wp\/v2\/pages"}],"about":[{"href":"https:\/\/www.hoteldevarenne.com\/en\/wp-json\/wp\/v2\/types\/page"}],"author":[{"embeddable":true,"href":"https:\/\/www.hoteldevarenne.com\/en\/wp-json\/wp\/v2\/users\/1"}],"replies":[{"embeddable":true,"href":"https:\/\/www.hoteldevarenne.com\/en\/wp-json\/wp\/v2\/comments?post=415"}],"version-history":[{"count":10,"href":"https:\/\/www.hoteldevarenne.com\/en\/wp-json\/wp\/v2\/pages\/415\/revisions"}],"predecessor-version":[{"id":670,"href":"https:\/\/www.hoteldevarenne.com\/en\/wp-json\/wp\/v2\/pages\/415\/revisions\/670"}],"wp:attachment":[{"href":"https:\/\/www.hoteldevarenne.com\/en\/wp-json\/wp\/v2\/media?parent=415"}],"curies":[{"name":"wp","href":"https:\/\/api.w.org\/{rel}","templated":true}]}}