{"id":420,"date":"2023-07-06T17:24:01","date_gmt":"2023-07-06T15:24:01","guid":{"rendered":"https:\/\/sofimediat.fr\/varenne\/offres\/"},"modified":"2025-07-18T10:36:20","modified_gmt":"2025-07-18T08:36:20","slug":"offers","status":"publish","type":"page","link":"https:\/\/www.hoteldevarenne.com\/en\/offers\/","title":{"rendered":"Offres"},"content":{"rendered":"\n\t<section class=\"section\" id=\"section_1757681266\">\n\t\t<div class=\"bg section-bg fill bg-fill  \" >\n\n\t\t\t\n\t\t\t\n\t\t\t\n\n\t\t<\/div>\n\n\t\t\n\n\t\t<div class=\"section-content relative\">\n\t\t\t\n\n<div class=\"row row-collapse align-middle align-center\"  id=\"row-536508685\">\n\n\n\t<div id=\"col-536728982\" class=\"col medium-6 small-12 large-6\"  >\n\t\t\t\t<div class=\"col-inner text-center\" style=\"background-color:rgba(255, 255, 255, 0.8);\" >\n\t\t\t\n\t\t\t\n\n<h1 style=\"text-align: center;\">Special Offers<\/h1>\n\n\t\t<\/div>\n\t\t\t\t\n<style>\n#col-536728982 > .col-inner {\n  padding: 10px 10px 10px 10px;\n}\n<\/style>\n\t<\/div>\n\n\t\n\n\n<style>\n#row-536508685 > .col > .col-inner {\n  padding: 10px 0px 5px 0px;\n}\n<\/style>\n<\/div>\n\n\t\t<\/div>\n\n\t\t\n<style>\n#section_1757681266 {\n  padding-top: 30px;\n  padding-bottom: 30px;\n  margin-bottom: 50px;\n  min-height: 350px;\n}\n#section_1757681266 .section-bg.bg-loaded {\n  background-image: url(https:\/\/www.hoteldevarenne.com\/wp-content\/uploads\/2023\/06\/reception.jpg);\n}\n<\/style>\n\t<\/section>\n\t\n<div class=\"row row-collapse row-full-width align-middle\"  id=\"row-1287146408\">\n\n\n\t<div id=\"col-1224489719\" class=\"col medium-4 small-12 large-4\"  data-animate=\"bounceInLeft\">\n\t\t\t\t<div class=\"col-inner text-center\"  >\n\t\t\t\n\t\t\t\n\n<h3 style=\"text-align: center;\">Complimentary Continental Breakfast<\/h3>\n<h3 style=\"text-align: center;\">Book directly on our website, benefit from the best conditions and the complimentary continental breakfast<\/h3>\n<a rel=\"noopener noreferrer\" href=\"https:\/\/www.secure-hotel-booking.com\/Hotel-de-Varenne\/J71N\/en-US?hotelId=28953\" target=\"_blank\" class=\"button alert is-underline is-small lowercase expand\"  >\n    <span>Book now<\/span>\n  <\/a>\n\n\n\n\t\t<\/div>\n\t\t\t\t\n<style>\n#col-1224489719 > .col-inner {\n  padding: 50px 50px 50px 50px;\n}\n<\/style>\n\t<\/div>\n\n\t\n\n\t<div id=\"col-935221564\" class=\"col medium-8 small-12 large-8 small-col-first\"  data-animate=\"bounceInRight\">\n\t\t\t\t<div class=\"col-inner\"  >\n\t\t\t\n\t\t\t\n\n\t<div class=\"img has-hover x md-x lg-x y md-y lg-y\" id=\"image_1631888775\">\n\t\t\t\t\t\t\t\t<div class=\"img-inner image-cover box-shadow-3 dark\" style=\"padding-top:50%;\">\n\t\t\t<img decoding=\"async\" width=\"1020\" height=\"679\" src=\"https:\/\/www.hoteldevarenne.com\/wp-content\/uploads\/2023\/06\/salle-petits-dejeuners-1024x682.jpg\" class=\"attachment-large size-large\" alt=\"H\u00f4tel de Varenne Paris Rive Gauche\" srcset=\"https:\/\/www.hoteldevarenne.com\/wp-content\/uploads\/2023\/06\/salle-petits-dejeuners-1024x682.jpg 1024w, https:\/\/www.hoteldevarenne.com\/wp-content\/uploads\/2023\/06\/salle-petits-dejeuners-300x200.jpg 300w, https:\/\/www.hoteldevarenne.com\/wp-content\/uploads\/2023\/06\/salle-petits-dejeuners-768x512.jpg 768w, https:\/\/www.hoteldevarenne.com\/wp-content\/uploads\/2023\/06\/salle-petits-dejeuners-1536x1024.jpg 1536w, https:\/\/www.hoteldevarenne.com\/wp-content\/uploads\/2023\/06\/salle-petits-dejeuners.jpg 1772w\" sizes=\"(max-width: 1020px) 100vw, 1020px\" \/>\t\t\t\t\t\t\n\t\t\t\t\t<\/div>\n\t\t\t\t\t\t\t\t\n<style>\n#image_1631888775 {\n  width: 100%;\n}\n<\/style>\n\t<\/div>\n\t\n\n\n\t\t<\/div>\n\t\t\t\t\t<\/div>\n\n\t\n\n<\/div>\n\t<section class=\"section\" id=\"section_182126098\">\n\t\t<div class=\"bg section-bg fill bg-fill  bg-loaded\" >\n\n\t\t\t\n\t\t\t\n\t\t\t\n\n\t\t<\/div>\n\n\t\t\n\n\t\t<div class=\"section-content relative\">\n\t\t\t\n\n<div class=\"row\"  id=\"row-1706851859\">\n\n\n\t<div id=\"col-1281429148\" class=\"col small-12 large-12\"  >\n\t\t\t\t<div class=\"col-inner\"  >\n\t\t\t\n\t\t\t\n\n<h2 style=\"text-align: center;\">Services &#038; Facilities<\/h2>\n\n\t\t<\/div>\n\t\t\t\t\t<\/div>\n\n\t\n\n\t<div id=\"col-379815816\" class=\"col medium-6 small-12 large-6\"  >\n\t\t\t\t<div class=\"col-inner\"  >\n\t\t\t\n\t\t\t\n\n<ul>\n<li>Reception\/Reservation 7\/7 &#8211; 24 hours a day<\/li>\n<li>Concierge service (restaurant reservations, taxis, monument and museum tickets)<\/li>\n<li>Luggage storage for the day (arrival and departure)<\/li>\n<li>Private and secure paid parking (subject to availability, contact us before)<\/li>\n<li>Continental breakfast served in the dining room or in your room (7 am to 10:30 am, until 11 am on Saturdays, Sundays and french public holidays)<\/li>\n<li>Bar (12 noon to midnight)<\/li>\n<li>Room Service (Monday to Saturday from 12 noon to 2 pm and 7 pm to 9 pm, Italian cuisine)<\/li>\n<li>Non-smoking hotel<\/li>\n<\/ul>\n\n\t\t<\/div>\n\t\t\t\t\t<\/div>\n\n\t\n\n\t<div id=\"col-446448026\" class=\"col medium-6 small-12 large-6\"  >\n\t\t\t\t<div class=\"col-inner\"  >\n\t\t\t\n\t\t\t\n\n<ul>\n<li>2 rooms (1 Suite and 1 Deluxe) accessible to people with reduced mobility on the ground floor (contact us directly before booking)<\/li>\n<li>Free high-speed internet access<\/li>\n<li>Safe, TV<\/li>\n<li>Hairdryer, eco-friendly toiletries (bottles)<\/li>\n<li>Minibar (extra charge)<\/li>\n<li>Nespresso coffee machine<\/li>\n<li>Kettle<\/li>\n<li>Heating (winter season)<\/li>\n<li>Air conditioning (summer season)<\/li>\n<li>Baby cot (on request in the Deluxe and Suite category)<\/li>\n<li>Our pets friends are not allowed<\/li>\n<\/ul>\n\n\t\t<\/div>\n\t\t\t\t\t<\/div>\n\n\t\n\n<\/div>\n\n\t\t<\/div>\n\n\t\t\n<style>\n#section_182126098 {\n  padding-top: 30px;\n  padding-bottom: 30px;\n}\n<\/style>\n\t<\/section>\n\t\n\n","protected":false},"excerpt":{"rendered":"","protected":false},"author":1,"featured_media":0,"parent":0,"menu_order":0,"comment_status":"closed","ping_status":"closed","template":"page-blank.php","meta":{"footnotes":""},"class_list":["post-420","page","type-page","status-publish","hentry"],"yoast_head":"<!-- This site is optimized with the Yoast SEO plugin v23.4 - https:\/\/yoast.com\/wordpress\/plugins\/seo\/ -->\n<title>Special offers from the Hotel de Varenne Paris Left Bank Invalides<\/title>\n<meta name=\"description\" content=\"Book on our site and benefit from the best conditions as well as the free continental breakfast.\" \/>\n<meta name=\"robots\" content=\"index, follow, max-snippet:-1, max-image-preview:large, max-video-preview:-1\" \/>\n<link rel=\"canonical\" href=\"https:\/\/www.hoteldevarenne.com\/en\/offers\/\" \/>\n<meta property=\"og:locale\" content=\"en_US\" \/>\n<meta property=\"og:type\" content=\"article\" \/>\n<meta property=\"og:title\" content=\"Special offers from the Hotel de Varenne Paris Left Bank Invalides\" \/>\n<meta property=\"og:description\" content=\"Book on our site and benefit from the best conditions as well as the free continental breakfast.\" \/>\n<meta property=\"og:url\" content=\"https:\/\/www.hoteldevarenne.com\/en\/offers\/\" \/>\n<meta property=\"og:site_name\" content=\"H\u00f4tel de Varenne\" \/>\n<meta property=\"article:modified_time\" content=\"2025-07-18T08:36:20+00:00\" \/>\n<meta name=\"twitter:card\" content=\"summary_large_image\" \/>\n<meta name=\"twitter:label1\" content=\"Est. reading time\" \/>\n\t<meta name=\"twitter:data1\" content=\"2 minutes\" \/>\n<script type=\"application\/ld+json\" class=\"yoast-schema-graph\">{\"@context\":\"https:\/\/schema.org\",\"@graph\":[{\"@type\":\"WebPage\",\"@id\":\"https:\/\/www.hoteldevarenne.com\/en\/offers\/\",\"url\":\"https:\/\/www.hoteldevarenne.com\/en\/offers\/\",\"name\":\"Special offers from the Hotel de Varenne Paris Left Bank Invalides\",\"isPartOf\":{\"@id\":\"https:\/\/www.hoteldevarenne.com\/#website\"},\"datePublished\":\"2023-07-06T15:24:01+00:00\",\"dateModified\":\"2025-07-18T08:36:20+00:00\",\"description\":\"Book on our site and benefit from the best conditions as well as the free continental breakfast.\",\"breadcrumb\":{\"@id\":\"https:\/\/www.hoteldevarenne.com\/en\/offers\/#breadcrumb\"},\"inLanguage\":\"en-US\",\"potentialAction\":[{\"@type\":\"ReadAction\",\"target\":[\"https:\/\/www.hoteldevarenne.com\/en\/offers\/\"]}]},{\"@type\":\"BreadcrumbList\",\"@id\":\"https:\/\/www.hoteldevarenne.com\/en\/offers\/#breadcrumb\",\"itemListElement\":[{\"@type\":\"ListItem\",\"position\":1,\"name\":\"Accueil\",\"item\":\"https:\/\/www.hoteldevarenne.com\/en\/\"},{\"@type\":\"ListItem\",\"position\":2,\"name\":\"Offres\"}]},{\"@type\":\"WebSite\",\"@id\":\"https:\/\/www.hoteldevarenne.com\/#website\",\"url\":\"https:\/\/www.hoteldevarenne.com\/\",\"name\":\"H\u00f4tel de Varenne\",\"description\":\"H\u00f4tel 4 \u00e9toiles Paris Rive Gauche Invalides\",\"potentialAction\":[{\"@type\":\"SearchAction\",\"target\":{\"@type\":\"EntryPoint\",\"urlTemplate\":\"https:\/\/www.hoteldevarenne.com\/?s={search_term_string}\"},\"query-input\":{\"@type\":\"PropertyValueSpecification\",\"valueRequired\":true,\"valueName\":\"search_term_string\"}}],\"inLanguage\":\"en-US\"}]}<\/script>\n<!-- \/ Yoast SEO plugin. -->","yoast_head_json":{"title":"Special offers from the Hotel de Varenne Paris Left Bank Invalides","description":"Book on our site and benefit from the best conditions as well as the free continental breakfast.","robots":{"index":"index","follow":"follow","max-snippet":"max-snippet:-1","max-image-preview":"max-image-preview:large","max-video-preview":"max-video-preview:-1"},"canonical":"https:\/\/www.hoteldevarenne.com\/en\/offers\/","og_locale":"en_US","og_type":"article","og_title":"Special offers from the Hotel de Varenne Paris Left Bank Invalides","og_description":"Book on our site and benefit from the best conditions as well as the free continental breakfast.","og_url":"https:\/\/www.hoteldevarenne.com\/en\/offers\/","og_site_name":"H\u00f4tel de Varenne","article_modified_time":"2025-07-18T08:36:20+00:00","twitter_card":"summary_large_image","twitter_misc":{"Est. reading time":"2 minutes"},"schema":{"@context":"https:\/\/schema.org","@graph":[{"@type":"WebPage","@id":"https:\/\/www.hoteldevarenne.com\/en\/offers\/","url":"https:\/\/www.hoteldevarenne.com\/en\/offers\/","name":"Special offers from the Hotel de Varenne Paris Left Bank Invalides","isPartOf":{"@id":"https:\/\/www.hoteldevarenne.com\/#website"},"datePublished":"2023-07-06T15:24:01+00:00","dateModified":"2025-07-18T08:36:20+00:00","description":"Book on our site and benefit from the best conditions as well as the free continental breakfast.","breadcrumb":{"@id":"https:\/\/www.hoteldevarenne.com\/en\/offers\/#breadcrumb"},"inLanguage":"en-US","potentialAction":[{"@type":"ReadAction","target":["https:\/\/www.hoteldevarenne.com\/en\/offers\/"]}]},{"@type":"BreadcrumbList","@id":"https:\/\/www.hoteldevarenne.com\/en\/offers\/#breadcrumb","itemListElement":[{"@type":"ListItem","position":1,"name":"Accueil","item":"https:\/\/www.hoteldevarenne.com\/en\/"},{"@type":"ListItem","position":2,"name":"Offres"}]},{"@type":"WebSite","@id":"https:\/\/www.hoteldevarenne.com\/#website","url":"https:\/\/www.hoteldevarenne.com\/","name":"H\u00f4tel de Varenne","description":"H\u00f4tel 4 \u00e9toiles Paris Rive Gauche Invalides","potentialAction":[{"@type":"SearchAction","target":{"@type":"EntryPoint","urlTemplate":"https:\/\/www.hoteldevarenne.com\/?s={search_term_string}"},"query-input":{"@type":"PropertyValueSpecification","valueRequired":true,"valueName":"search_term_string"}}],"inLanguage":"en-US"}]}},"_links":{"self":[{"href":"https:\/\/www.hoteldevarenne.com\/en\/wp-json\/wp\/v2\/pages\/420","targetHints":{"allow":["GET"]}}],"collection":[{"href":"https:\/\/www.hoteldevarenne.com\/en\/wp-json\/wp\/v2\/pages"}],"about":[{"href":"https:\/\/www.hoteldevarenne.com\/en\/wp-json\/wp\/v2\/types\/page"}],"author":[{"embeddable":true,"href":"https:\/\/www.hoteldevarenne.com\/en\/wp-json\/wp\/v2\/users\/1"}],"replies":[{"embeddable":true,"href":"https:\/\/www.hoteldevarenne.com\/en\/wp-json\/wp\/v2\/comments?post=420"}],"version-history":[{"count":17,"href":"https:\/\/www.hoteldevarenne.com\/en\/wp-json\/wp\/v2\/pages\/420\/revisions"}],"predecessor-version":[{"id":685,"href":"https:\/\/www.hoteldevarenne.com\/en\/wp-json\/wp\/v2\/pages\/420\/revisions\/685"}],"wp:attachment":[{"href":"https:\/\/www.hoteldevarenne.com\/en\/wp-json\/wp\/v2\/media?parent=420"}],"curies":[{"name":"wp","href":"https:\/\/api.w.org\/{rel}","templated":true}]}}