{"id":421,"date":"2023-07-06T14:46:30","date_gmt":"2023-07-06T12:46:30","guid":{"rendered":"https:\/\/sofimediat.fr\/varenne\/services\/"},"modified":"2025-08-01T10:53:28","modified_gmt":"2025-08-01T08:53:28","slug":"services","status":"publish","type":"page","link":"https:\/\/www.hoteldevarenne.com\/en\/services\/","title":{"rendered":"Services"},"content":{"rendered":"\n\t<section class=\"section\" id=\"section_1739068654\">\n\t\t<div class=\"bg section-bg fill bg-fill  \" >\n\n\t\t\t\n\t\t\t\n\t\t\t\n\n\t\t<\/div>\n\n\t\t\n\n\t\t<div class=\"section-content relative\">\n\t\t\t\n\n<div class=\"row row-collapse align-middle align-center\"  id=\"row-191794525\">\n\n\n\t<div id=\"col-1835810452\" class=\"col medium-6 small-12 large-6\"  >\n\t\t\t\t<div class=\"col-inner text-center\" style=\"background-color:rgba(255, 255, 255, 0.8);\" >\n\t\t\t\n\t\t\t\n\n<h1 style=\"text-align: center;\">Our Services<\/h1>\n\n\t\t<\/div>\n\t\t\t\t\n<style>\n#col-1835810452 > .col-inner {\n  padding: 10px 10px 10px 10px;\n}\n<\/style>\n\t<\/div>\n\n\t\n\n\n<style>\n#row-191794525 > .col > .col-inner {\n  padding: 10px 0px 5px 0px;\n}\n<\/style>\n<\/div>\n\n\t\t<\/div>\n\n\t\t\n<style>\n#section_1739068654 {\n  padding-top: 30px;\n  padding-bottom: 30px;\n  margin-bottom: 50px;\n  min-height: 350px;\n}\n#section_1739068654 .section-bg.bg-loaded {\n  background-image: url(https:\/\/www.hoteldevarenne.com\/wp-content\/uploads\/2023\/06\/reception.jpg);\n}\n<\/style>\n\t<\/section>\n\t\n<div class=\"row row-collapse row-full-width align-middle\"  id=\"row-1163882015\">\n\n\n\t<div id=\"col-1327731294\" class=\"col medium-6 small-12 large-4\"  data-animate=\"bounceInLeft\">\n\t\t\t\t<div class=\"col-inner text-center\"  >\n\t\t\t\n\t\t\t\n\n<p style=\"text-align: center;\">Continental Breakfast<\/p>\n<p>We serve the continental breakfast in our dining room, in our garden (summer season) or in the comfort of your room.<\/p>\n<p>It is served from 7 a.m. to 10:30 a.m. on weekdays and until 11 a.m. on Saturdays, Sundays and french public holidays<\/p>\n<a rel=\"noopener noreferrer\" href=\"https:\/\/www.secure-hotel-booking.com\/Hotel-de-Varenne\/J71N\/en-US?hotelId=28953\" target=\"_blank\" class=\"button alert is-underline is-small lowercase expand\"  >\n    <span>Book now<\/span>\n  <\/a>\n\n\n\n\t\t<\/div>\n\t\t\t\t\n<style>\n#col-1327731294 > .col-inner {\n  padding: 50px 50px 50px 50px;\n}\n<\/style>\n\t<\/div>\n\n\t\n\n\t<div id=\"col-166912136\" class=\"col medium-6 small-12 large-8 small-col-first\"  data-animate=\"bounceInRight\">\n\t\t\t\t<div class=\"col-inner\"  >\n\t\t\t\n\t\t\t\n\n\t<div class=\"img has-hover x md-x lg-x y md-y lg-y\" id=\"image_1870015\">\n\t\t\t\t\t\t\t\t<div class=\"img-inner image-cover box-shadow-3 dark\" style=\"padding-top:50%;\">\n\t\t\t<img decoding=\"async\" width=\"1020\" height=\"679\" src=\"https:\/\/www.hoteldevarenne.com\/wp-content\/uploads\/2023\/06\/salle-petits-dejeuners-1024x682.jpg\" class=\"attachment-large size-large\" alt=\"H\u00f4tel de Varenne Paris Rive Gauche\" srcset=\"https:\/\/www.hoteldevarenne.com\/wp-content\/uploads\/2023\/06\/salle-petits-dejeuners-1024x682.jpg 1024w, https:\/\/www.hoteldevarenne.com\/wp-content\/uploads\/2023\/06\/salle-petits-dejeuners-300x200.jpg 300w, https:\/\/www.hoteldevarenne.com\/wp-content\/uploads\/2023\/06\/salle-petits-dejeuners-768x512.jpg 768w, https:\/\/www.hoteldevarenne.com\/wp-content\/uploads\/2023\/06\/salle-petits-dejeuners-1536x1024.jpg 1536w, https:\/\/www.hoteldevarenne.com\/wp-content\/uploads\/2023\/06\/salle-petits-dejeuners.jpg 1772w\" sizes=\"(max-width: 1020px) 100vw, 1020px\" \/>\t\t\t\t\t\t\n\t\t\t\t\t<\/div>\n\t\t\t\t\t\t\t\t\n<style>\n#image_1870015 {\n  width: 100%;\n}\n<\/style>\n\t<\/div>\n\t\n\n\n\t\t<\/div>\n\t\t\t\t\t<\/div>\n\n\t\n\n<\/div>\n<div class=\"row row-collapse row-full-width align-middle\"  id=\"row-826935473\">\n\n\n\t<div id=\"col-452092435\" class=\"col medium-6 small-12 large-8\"  data-animate=\"bounceInLeft\">\n\t\t\t\t<div class=\"col-inner\"  >\n\t\t\t\n\t\t\t\n\n\t<div class=\"img has-hover x md-x lg-x y md-y lg-y\" id=\"image_361768812\">\n\t\t\t\t\t\t\t\t<div class=\"img-inner image-cover box-shadow-3 dark\" style=\"padding-top:50%;\">\n\t\t\t<img decoding=\"async\" width=\"1020\" height=\"674\" src=\"https:\/\/www.hoteldevarenne.com\/wp-content\/uploads\/2023\/06\/jardin-1024x677.jpg\" class=\"attachment-large size-large\" alt=\"H\u00f4tel de Varenne Paris Rive Gauche\" srcset=\"https:\/\/www.hoteldevarenne.com\/wp-content\/uploads\/2023\/06\/jardin-1024x677.jpg 1024w, https:\/\/www.hoteldevarenne.com\/wp-content\/uploads\/2023\/06\/jardin-300x198.jpg 300w, https:\/\/www.hoteldevarenne.com\/wp-content\/uploads\/2023\/06\/jardin-768x508.jpg 768w, https:\/\/www.hoteldevarenne.com\/wp-content\/uploads\/2023\/06\/jardin-1536x1016.jpg 1536w, https:\/\/www.hoteldevarenne.com\/wp-content\/uploads\/2023\/06\/jardin.jpg 1786w\" sizes=\"(max-width: 1020px) 100vw, 1020px\" \/>\t\t\t\t\t\t\n\t\t\t\t\t<\/div>\n\t\t\t\t\t\t\t\t\n<style>\n#image_361768812 {\n  width: 100%;\n}\n<\/style>\n\t<\/div>\n\t\n\n\n\t\t<\/div>\n\t\t\t\t\t<\/div>\n\n\t\n\n\t<div id=\"col-2057934939\" class=\"col medium-6 small-12 large-4\"  data-animate=\"bounceInRight\">\n\t\t\t\t<div class=\"col-inner text-center\"  >\n\t\t\t\n\t\t\t\n\n<h5>The Garden Bar<\/h5>\n<h5>During the summer season, the garden bar welcomes you from noon to 10:00pm<br \/>This little gem offers you the opportunity to recharge your batteries by enjoying a drink in a bucolic small garden<\/h5>\n<a rel=\"noopener noreferrer\" href=\"https:\/\/www.secure-hotel-booking.com\/Hotel-de-Varenne\/J71N\/en-US?hotelId=28953\" target=\"_blank\" class=\"button alert is-underline is-small lowercase expand\"  >\n    <span>Book now<\/span>\n  <\/a>\n\n\n\n\t\t<\/div>\n\t\t\t\t\n<style>\n#col-2057934939 > .col-inner {\n  padding: 50px 50px 50px 50px;\n}\n<\/style>\n\t<\/div>\n\n\t\n\n<\/div>\n\t<section class=\"section\" id=\"section_401625908\">\n\t\t<div class=\"bg section-bg fill bg-fill  bg-loaded\" >\n\n\t\t\t\n\t\t\t\n\t\t\t\n\n\t\t<\/div>\n\n\t\t\n\n\t\t<div class=\"section-content relative\">\n\t\t\t\n\n<div class=\"row\"  id=\"row-771933138\">\n\n\n\t<div id=\"col-694878313\" class=\"col small-12 large-12\"  >\n\t\t\t\t<div class=\"col-inner\"  >\n\t\t\t\n\t\t\t\n\n<h2 style=\"text-align: center;\">Services &#038; Facilities<\/h2>\n\n\t\t<\/div>\n\t\t\t\t\t<\/div>\n\n\t\n\n\t<div id=\"col-864366306\" class=\"col medium-6 small-12 large-6\"  >\n\t\t\t\t<div class=\"col-inner\"  >\n\t\t\t\n\t\t\t\n\n<ul>\n<li>Reception \/ Reservation 7\/7 &#8211; 24\/24<\/li>\n<li>Concierge Service (restaurants reservation, taxis, monument and museum tickets)<\/li>\n<li>Luggage storage for the day (arrival and departure)<\/li>\n<li>Private and secure underground paid parking (subject to availability, contact us before)<\/li>\n<li>Continental breakfast served in the dining room or in your room (7 am to 10:30 am, until 11 am on Saturdays, Sundays and french public holidays)<\/li>\n<li>Bar (12 noon to midnight)<\/li>\n<li>Room Service\u00a0<\/li>\n<li>Non-smoking hotel<\/li>\n<\/ul>\n\n\t\t<\/div>\n\t\t\t\t\t<\/div>\n\n\t\n\n\t<div id=\"col-970153384\" class=\"col medium-6 small-12 large-6\"  >\n\t\t\t\t<div class=\"col-inner\"  >\n\t\t\t\n\t\t\t\n\n<ul>\n<li>2 rooms (1 Suite and 1 Deluxe) accessible to people with reduced mobility on the ground floor (contact us directly before booking)<\/li>\n<li>Free high-speed internet access<\/li>\n<li>Safe, TV<\/li>\n<li>Hairdryer, eco-friendly toiletries (bottles)<\/li>\n<li>Minibar (extra charge)<\/li>\n<li>Nespresso coffee machine<\/li>\n<li>Kettle<\/li>\n<li>Heating (winter season)<\/li>\n<li>Air conditioning (summer season)<\/li>\n<li>Our pets friends are not allowed<\/li>\n<\/ul>\n\n\t\t<\/div>\n\t\t\t\t\t<\/div>\n\n\t\n\n<\/div>\n\n\t\t<\/div>\n\n\t\t\n<style>\n#section_401625908 {\n  padding-top: 30px;\n  padding-bottom: 30px;\n}\n<\/style>\n\t<\/section>\n\t\n\n","protected":false},"excerpt":{"rendered":"","protected":false},"author":1,"featured_media":0,"parent":0,"menu_order":0,"comment_status":"closed","ping_status":"closed","template":"page-blank.php","meta":{"footnotes":""},"class_list":["post-421","page","type-page","status-publish","hentry"],"yoast_head":"<!-- This site is optimized with the Yoast SEO plugin v23.4 - https:\/\/yoast.com\/wordpress\/plugins\/seo\/ -->\n<title>H\u00f4tel de Varenne **** - the Hotel and its services! Official site<\/title>\n<meta name=\"description\" content=\"Reception open 24 hours a day. Taxi reservation, Wifi, Bar, Breakfast, Lounge and Garden. Advice on visits to Paris\" \/>\n<meta name=\"robots\" content=\"index, follow, max-snippet:-1, max-image-preview:large, max-video-preview:-1\" \/>\n<link rel=\"canonical\" href=\"https:\/\/www.hoteldevarenne.com\/en\/services\/\" \/>\n<meta property=\"og:locale\" content=\"en_US\" \/>\n<meta property=\"og:type\" content=\"article\" \/>\n<meta property=\"og:title\" content=\"H\u00f4tel de Varenne **** - the Hotel and its services! Official site\" \/>\n<meta property=\"og:description\" content=\"Reception open 24 hours a day. Taxi reservation, Wifi, Bar, Breakfast, Lounge and Garden. Advice on visits to Paris\" \/>\n<meta property=\"og:url\" content=\"https:\/\/www.hoteldevarenne.com\/en\/services\/\" \/>\n<meta property=\"og:site_name\" content=\"H\u00f4tel de Varenne\" \/>\n<meta property=\"article:modified_time\" content=\"2025-08-01T08:53:28+00:00\" \/>\n<meta name=\"twitter:card\" content=\"summary_large_image\" \/>\n<meta name=\"twitter:label1\" content=\"Est. reading time\" \/>\n\t<meta name=\"twitter:data1\" content=\"2 minutes\" \/>\n<script type=\"application\/ld+json\" class=\"yoast-schema-graph\">{\"@context\":\"https:\/\/schema.org\",\"@graph\":[{\"@type\":\"WebPage\",\"@id\":\"https:\/\/www.hoteldevarenne.com\/en\/services\/\",\"url\":\"https:\/\/www.hoteldevarenne.com\/en\/services\/\",\"name\":\"H\u00f4tel de Varenne **** - the Hotel and its services! Official site\",\"isPartOf\":{\"@id\":\"https:\/\/www.hoteldevarenne.com\/#website\"},\"datePublished\":\"2023-07-06T12:46:30+00:00\",\"dateModified\":\"2025-08-01T08:53:28+00:00\",\"description\":\"Reception open 24 hours a day. Taxi reservation, Wifi, Bar, Breakfast, Lounge and Garden. Advice on visits to Paris\",\"breadcrumb\":{\"@id\":\"https:\/\/www.hoteldevarenne.com\/en\/services\/#breadcrumb\"},\"inLanguage\":\"en-US\",\"potentialAction\":[{\"@type\":\"ReadAction\",\"target\":[\"https:\/\/www.hoteldevarenne.com\/en\/services\/\"]}]},{\"@type\":\"BreadcrumbList\",\"@id\":\"https:\/\/www.hoteldevarenne.com\/en\/services\/#breadcrumb\",\"itemListElement\":[{\"@type\":\"ListItem\",\"position\":1,\"name\":\"Accueil\",\"item\":\"https:\/\/www.hoteldevarenne.com\/en\/\"},{\"@type\":\"ListItem\",\"position\":2,\"name\":\"Services\"}]},{\"@type\":\"WebSite\",\"@id\":\"https:\/\/www.hoteldevarenne.com\/#website\",\"url\":\"https:\/\/www.hoteldevarenne.com\/\",\"name\":\"H\u00f4tel de Varenne\",\"description\":\"H\u00f4tel 4 \u00e9toiles Paris Rive Gauche Invalides\",\"potentialAction\":[{\"@type\":\"SearchAction\",\"target\":{\"@type\":\"EntryPoint\",\"urlTemplate\":\"https:\/\/www.hoteldevarenne.com\/?s={search_term_string}\"},\"query-input\":{\"@type\":\"PropertyValueSpecification\",\"valueRequired\":true,\"valueName\":\"search_term_string\"}}],\"inLanguage\":\"en-US\"}]}<\/script>\n<!-- \/ Yoast SEO plugin. -->","yoast_head_json":{"title":"H\u00f4tel de Varenne **** - the Hotel and its services! Official site","description":"Reception open 24 hours a day. Taxi reservation, Wifi, Bar, Breakfast, Lounge and Garden. Advice on visits to Paris","robots":{"index":"index","follow":"follow","max-snippet":"max-snippet:-1","max-image-preview":"max-image-preview:large","max-video-preview":"max-video-preview:-1"},"canonical":"https:\/\/www.hoteldevarenne.com\/en\/services\/","og_locale":"en_US","og_type":"article","og_title":"H\u00f4tel de Varenne **** - the Hotel and its services! Official site","og_description":"Reception open 24 hours a day. Taxi reservation, Wifi, Bar, Breakfast, Lounge and Garden. Advice on visits to Paris","og_url":"https:\/\/www.hoteldevarenne.com\/en\/services\/","og_site_name":"H\u00f4tel de Varenne","article_modified_time":"2025-08-01T08:53:28+00:00","twitter_card":"summary_large_image","twitter_misc":{"Est. reading time":"2 minutes"},"schema":{"@context":"https:\/\/schema.org","@graph":[{"@type":"WebPage","@id":"https:\/\/www.hoteldevarenne.com\/en\/services\/","url":"https:\/\/www.hoteldevarenne.com\/en\/services\/","name":"H\u00f4tel de Varenne **** - the Hotel and its services! Official site","isPartOf":{"@id":"https:\/\/www.hoteldevarenne.com\/#website"},"datePublished":"2023-07-06T12:46:30+00:00","dateModified":"2025-08-01T08:53:28+00:00","description":"Reception open 24 hours a day. Taxi reservation, Wifi, Bar, Breakfast, Lounge and Garden. Advice on visits to Paris","breadcrumb":{"@id":"https:\/\/www.hoteldevarenne.com\/en\/services\/#breadcrumb"},"inLanguage":"en-US","potentialAction":[{"@type":"ReadAction","target":["https:\/\/www.hoteldevarenne.com\/en\/services\/"]}]},{"@type":"BreadcrumbList","@id":"https:\/\/www.hoteldevarenne.com\/en\/services\/#breadcrumb","itemListElement":[{"@type":"ListItem","position":1,"name":"Accueil","item":"https:\/\/www.hoteldevarenne.com\/en\/"},{"@type":"ListItem","position":2,"name":"Services"}]},{"@type":"WebSite","@id":"https:\/\/www.hoteldevarenne.com\/#website","url":"https:\/\/www.hoteldevarenne.com\/","name":"H\u00f4tel de Varenne","description":"H\u00f4tel 4 \u00e9toiles Paris Rive Gauche Invalides","potentialAction":[{"@type":"SearchAction","target":{"@type":"EntryPoint","urlTemplate":"https:\/\/www.hoteldevarenne.com\/?s={search_term_string}"},"query-input":{"@type":"PropertyValueSpecification","valueRequired":true,"valueName":"search_term_string"}}],"inLanguage":"en-US"}]}},"_links":{"self":[{"href":"https:\/\/www.hoteldevarenne.com\/en\/wp-json\/wp\/v2\/pages\/421","targetHints":{"allow":["GET"]}}],"collection":[{"href":"https:\/\/www.hoteldevarenne.com\/en\/wp-json\/wp\/v2\/pages"}],"about":[{"href":"https:\/\/www.hoteldevarenne.com\/en\/wp-json\/wp\/v2\/types\/page"}],"author":[{"embeddable":true,"href":"https:\/\/www.hoteldevarenne.com\/en\/wp-json\/wp\/v2\/users\/1"}],"replies":[{"embeddable":true,"href":"https:\/\/www.hoteldevarenne.com\/en\/wp-json\/wp\/v2\/comments?post=421"}],"version-history":[{"count":20,"href":"https:\/\/www.hoteldevarenne.com\/en\/wp-json\/wp\/v2\/pages\/421\/revisions"}],"predecessor-version":[{"id":696,"href":"https:\/\/www.hoteldevarenne.com\/en\/wp-json\/wp\/v2\/pages\/421\/revisions\/696"}],"wp:attachment":[{"href":"https:\/\/www.hoteldevarenne.com\/en\/wp-json\/wp\/v2\/media?parent=421"}],"curies":[{"name":"wp","href":"https:\/\/api.w.org\/{rel}","templated":true}]}}